{"id":2,"date":"2017-08-30T15:51:21","date_gmt":"2017-08-30T13:51:21","guid":{"rendered":"https:\/\/consulente-enologica.it\/?page_id=2"},"modified":"2017-08-30T15:51:21","modified_gmt":"2017-08-30T13:51:21","slug":"pagina-di-esempio","status":"publish","type":"page","link":"https:\/\/consulente-enologica.it\/en\/pagina-di-esempio\/","title":{"rendered":"Pagina di esempio."},"content":{"rendered":"Questa \u00e8 una pagina di esempio. Differisce da un articolo del blog perch\u00e9 rimane in posizione fissa e appare nella navigazione del sito (nella maggior parte dei temi). Molte persone iniziano con una pagina informativa che li introduce ai potenziali visitatori. Che potrebbe dire un cosa del genere:\n\n<blockquote>Salve! Sono un pony express di giorno, un aspirante attore di notte e questo \u00e8 il mio blog. Vivo a Los Angeles, ho un bellissimo cane di nome Jack e adoro la pi&#241;a colada. (E trovarmi sotto la pioggia.)<\/blockquote>\n\n&#8230;oppure qualche cosa del genere:\n\n<blockquote>La XYZ Doohickey Company \u00e8 stata fondata nel 1971 e da allora ha venduto cazzabubbole di qualit\u00e0 ai propri clienti. SI trova a Gotham City, XYZ impiega oltre 2.000 persone e produce le cose pi\u00f9 incredibili per la comunit\u00e0 di Gotham.<\/blockquote>\n\nCome nuovo utente WordPress, \u00e8 possibile andare <a href=\"https:\/\/consulente-enologica.it\/wp-admin\/\">sulla bacheca<\/a> per eliminare questa pagina e creare nuove pagine per i propri contenuti. Buon divertimento!","protected":false},"excerpt":{"rendered":"<p>Questa \u00e8 una pagina di esempio. Differisce da un articolo del blog perch\u00e9 rimane in posizione fissa e appare nella navigazione del sito (nella maggior parte dei temi). Molte persone iniziano con una pagina informativa che li introduce ai potenziali visitatori. Che potrebbe dire un&#8230;<\/p>\n","protected":false},"author":1,"featured_media":0,"parent":0,"menu_order":0,"comment_status":"closed","ping_status":"open","template":"","meta":{"footnotes":""},"class_list":["post-2","page","type-page","status-publish","hentry"],"yoast_head":"<!-- This site is optimized with the Yoast SEO plugin v27.3 - https:\/\/yoast.com\/product\/yoast-seo-wordpress\/ -->\n<title>Pagina di esempio. - Consulente Enologica Pietraia di Cortona (AR)<\/title>\n<meta name=\"robots\" content=\"index, follow, max-snippet:-1, max-image-preview:large, max-video-preview:-1\" \/>\n<link rel=\"canonical\" href=\"https:\/\/consulente-enologica.it\/pagina-di-esempio\/\" \/>\n<meta property=\"og:locale\" content=\"en_US\" \/>\n<meta property=\"og:type\" content=\"article\" \/>\n<meta property=\"og:title\" content=\"Pagina di esempio. - Consulente Enologica Pietraia di Cortona (AR)\" \/>\n<meta property=\"og:description\" content=\"Questa \u00e8 una pagina di esempio. Differisce da un articolo del blog perch\u00e9 rimane in posizione fissa e appare nella navigazione del sito (nella maggior parte dei temi). Molte persone iniziano con una pagina informativa che li introduce ai potenziali visitatori. Che potrebbe dire un...\" \/>\n<meta property=\"og:url\" content=\"https:\/\/consulente-enologica.it\/pagina-di-esempio\/\" \/>\n<meta property=\"og:site_name\" content=\"Consulente Enologica Pietraia di Cortona (AR)\" \/>\n<meta name=\"twitter:card\" content=\"summary_large_image\" \/>\n<meta name=\"twitter:label1\" content=\"Est. reading time\" \/>\n\t<meta name=\"twitter:data1\" content=\"1 minute\" \/>\n<script type=\"application\/ld+json\" class=\"yoast-schema-graph\">{\"@context\":\"https:\\\/\\\/schema.org\",\"@graph\":[{\"@type\":\"WebPage\",\"@id\":\"https:\\\/\\\/consulente-enologica.it\\\/pagina-di-esempio\\\/\",\"url\":\"https:\\\/\\\/consulente-enologica.it\\\/pagina-di-esempio\\\/\",\"name\":\"Pagina di esempio. - Consulente Enologica Pietraia di Cortona (AR)\",\"isPartOf\":{\"@id\":\"https:\\\/\\\/consulente-enologica.it\\\/#website\"},\"datePublished\":\"2017-08-30T13:51:21+00:00\",\"breadcrumb\":{\"@id\":\"https:\\\/\\\/consulente-enologica.it\\\/pagina-di-esempio\\\/#breadcrumb\"},\"inLanguage\":\"en-US\",\"potentialAction\":[{\"@type\":\"ReadAction\",\"target\":[\"https:\\\/\\\/consulente-enologica.it\\\/pagina-di-esempio\\\/\"]}]},{\"@type\":\"BreadcrumbList\",\"@id\":\"https:\\\/\\\/consulente-enologica.it\\\/pagina-di-esempio\\\/#breadcrumb\",\"itemListElement\":[{\"@type\":\"ListItem\",\"position\":1,\"name\":\"Home\",\"item\":\"https:\\\/\\\/consulente-enologica.it\\\/\"},{\"@type\":\"ListItem\",\"position\":2,\"name\":\"Pagina di esempio.\"}]},{\"@type\":\"WebSite\",\"@id\":\"https:\\\/\\\/consulente-enologica.it\\\/#website\",\"url\":\"https:\\\/\\\/consulente-enologica.it\\\/\",\"name\":\"Consulente Enologica Pietraia di Cortona (AR)\",\"description\":\"Prodotti enologici - Wine-making products\",\"potentialAction\":[{\"@type\":\"SearchAction\",\"target\":{\"@type\":\"EntryPoint\",\"urlTemplate\":\"https:\\\/\\\/consulente-enologica.it\\\/?s={search_term_string}\"},\"query-input\":{\"@type\":\"PropertyValueSpecification\",\"valueRequired\":true,\"valueName\":\"search_term_string\"}}],\"inLanguage\":\"en-US\"}]}<\/script>\n<!-- \/ Yoast SEO plugin. -->","yoast_head_json":{"title":"Pagina di esempio. - Consulente Enologica Pietraia di Cortona (AR)","robots":{"index":"index","follow":"follow","max-snippet":"max-snippet:-1","max-image-preview":"max-image-preview:large","max-video-preview":"max-video-preview:-1"},"canonical":"https:\/\/consulente-enologica.it\/pagina-di-esempio\/","og_locale":"en_US","og_type":"article","og_title":"Pagina di esempio. - Consulente Enologica Pietraia di Cortona (AR)","og_description":"Questa \u00e8 una pagina di esempio. Differisce da un articolo del blog perch\u00e9 rimane in posizione fissa e appare nella navigazione del sito (nella maggior parte dei temi). Molte persone iniziano con una pagina informativa che li introduce ai potenziali visitatori. Che potrebbe dire un...","og_url":"https:\/\/consulente-enologica.it\/pagina-di-esempio\/","og_site_name":"Consulente Enologica Pietraia di Cortona (AR)","twitter_card":"summary_large_image","twitter_misc":{"Est. reading time":"1 minute"},"schema":{"@context":"https:\/\/schema.org","@graph":[{"@type":"WebPage","@id":"https:\/\/consulente-enologica.it\/pagina-di-esempio\/","url":"https:\/\/consulente-enologica.it\/pagina-di-esempio\/","name":"Pagina di esempio. - Consulente Enologica Pietraia di Cortona (AR)","isPartOf":{"@id":"https:\/\/consulente-enologica.it\/#website"},"datePublished":"2017-08-30T13:51:21+00:00","breadcrumb":{"@id":"https:\/\/consulente-enologica.it\/pagina-di-esempio\/#breadcrumb"},"inLanguage":"en-US","potentialAction":[{"@type":"ReadAction","target":["https:\/\/consulente-enologica.it\/pagina-di-esempio\/"]}]},{"@type":"BreadcrumbList","@id":"https:\/\/consulente-enologica.it\/pagina-di-esempio\/#breadcrumb","itemListElement":[{"@type":"ListItem","position":1,"name":"Home","item":"https:\/\/consulente-enologica.it\/"},{"@type":"ListItem","position":2,"name":"Pagina di esempio."}]},{"@type":"WebSite","@id":"https:\/\/consulente-enologica.it\/#website","url":"https:\/\/consulente-enologica.it\/","name":"Consulente Enologica Pietraia di Cortona (AR)","description":"Prodotti enologici - Wine-making products","potentialAction":[{"@type":"SearchAction","target":{"@type":"EntryPoint","urlTemplate":"https:\/\/consulente-enologica.it\/?s={search_term_string}"},"query-input":{"@type":"PropertyValueSpecification","valueRequired":true,"valueName":"search_term_string"}}],"inLanguage":"en-US"}]}},"_links":{"self":[{"href":"https:\/\/consulente-enologica.it\/en\/wp-json\/wp\/v2\/pages\/2","targetHints":{"allow":["GET"]}}],"collection":[{"href":"https:\/\/consulente-enologica.it\/en\/wp-json\/wp\/v2\/pages"}],"about":[{"href":"https:\/\/consulente-enologica.it\/en\/wp-json\/wp\/v2\/types\/page"}],"author":[{"embeddable":true,"href":"https:\/\/consulente-enologica.it\/en\/wp-json\/wp\/v2\/users\/1"}],"replies":[{"embeddable":true,"href":"https:\/\/consulente-enologica.it\/en\/wp-json\/wp\/v2\/comments?post=2"}],"version-history":[{"count":0,"href":"https:\/\/consulente-enologica.it\/en\/wp-json\/wp\/v2\/pages\/2\/revisions"}],"wp:attachment":[{"href":"https:\/\/consulente-enologica.it\/en\/wp-json\/wp\/v2\/media?parent=2"}],"curies":[{"name":"wp","href":"https:\/\/api.w.org\/{rel}","templated":true}]}}